{"id":1184,"date":"2014-03-23T14:09:29","date_gmt":"2014-03-23T12:09:29","guid":{"rendered":"http:\/\/marathon.hauger-vs.de\/?page_id=1184"},"modified":"2023-11-03T18:25:42","modified_gmt":"2023-11-03T17:25:42","slug":"paris-marathon","status":"publish","type":"page","link":"https:\/\/innovationsland.de\/marathon\/meine-unsere-marathons\/paris-marathon\/","title":{"rendered":"Paris-Marathon (1x)"},"content":{"rendered":"<p>Der Paris- Marathon ist nach dem London- und dem Berlin- Marathon der drittgr\u00f6\u00dfte in Europa und findet seit 1976 j\u00e4hrlich im April statt. Weltweit rangiert der Paris-Marathon auf Platz 8 der schnellsten Marathone.<\/p>\n<div id=\"metaslider-id-6260\" style=\"max-width: 700px; margin: 0 auto;\" class=\"ml-slider-3-107-0 metaslider metaslider-flex metaslider-6260 ml-slider ms-theme-default nav-hidden\" role=\"region\" aria-label=\"Paris-Marathon\" data-height=\"400\" data-width=\"700\">\n    <div id=\"metaslider_container_6260\">\n        <div id=\"metaslider_6260\" class=\"flexslider\">\n            <ul class='slides'>\n                <li style=\"display: block; width: 100%;\" class=\"slide-6261 ms-image \" aria-roledescription=\"slide\" data-date=\"2023-11-03 18:24:10\" data-filename=\"IMG_1499-700x400.jpg\" data-slide-type=\"image\"><img loading=\"lazy\" decoding=\"async\" src=\"https:\/\/innovationsland.de\/marathon\/wp-content\/uploads\/sites\/18\/2023\/11\/IMG_1499-700x400.jpg\" height=\"400\" width=\"700\" alt=\"\" class=\"slider-6260 slide-6261 msDefaultImage\" title=\"IMG_1499\" \/><\/li>\n            <\/ul>\n        <\/div>\n        \n    <\/div>\n<\/div>\n<p><span style=\"text-decoration: underline;\">Informationen:<\/span>&nbsp; <a href=\"https:\/\/de.wikipedia.org\/wiki\/Paris-Marathon\" target=\"_blank\" rel=\"noopener\">https:\/\/de.wikipedia.org\/wiki\/Paris-Marathon<\/a>&nbsp;&nbsp; <span style=\"text-decoration: underline;\">Offizielle Webseite<\/span>:<br \/>\n<a href=\"http:\/\/www.schneiderelectricparismarathon.com\/us\/\" target=\"_blank\" rel=\"noopener\">http:\/\/www.schneiderelectricparismarathon.com\/us\/<\/a><\/p>\n<p><span style=\"text-decoration: underline;\">Interessante Streckenpunkte<br \/>\n<\/span><span class=\"hps\">Arc de Triomphe (Start),<\/span>&nbsp; <span class=\"hps\">Place de la Concorde, <\/span>&nbsp;<span class=\"hps\">Place de la Bastille, <\/span><span class=\"hps\">Notre-Dame,<\/span> <span class=\"hps\">Eiffelturm<\/span><\/p>\n<p><span style=\"text-decoration: underline;\">Sonstige Sehensw\u00fcrdigkeiten<br \/>\n<\/span>Louvre \u2013 Museum<\/p>\n<hr>\n","protected":false},"excerpt":{"rendered":"<p>Der Paris- Marathon ist nach dem London- und dem Berlin- Marathon der drittgr\u00f6\u00dfte in Europa und findet seit 1976 j\u00e4hrlich im April statt. Weltweit rangiert der Paris-Marathon auf Platz 8 der schnellsten Marathone. Informationen:&nbsp; https:\/\/de.wikipedia.org\/wiki\/Paris-Marathon&nbsp;&nbsp; Offizielle Webseite: http:\/\/www.schneiderelectricparismarathon.com\/us\/ Interessante Streckenpunkte Arc de Triomphe (Start),&nbsp; Place de la Concorde, &nbsp;Place de la Bastille, Notre-Dame, Eiffelturm Sonstige [&hellip;]<\/p>\n","protected":false},"author":1,"featured_media":0,"parent":1875,"menu_order":70,"comment_status":"closed","ping_status":"closed","template":"","meta":{"footnotes":""},"class_list":["post-1184","page","type-page","status-publish","hentry","post"],"_links":{"self":[{"href":"https:\/\/innovationsland.de\/marathon\/wp-json\/wp\/v2\/pages\/1184","targetHints":{"allow":["GET"]}}],"collection":[{"href":"https:\/\/innovationsland.de\/marathon\/wp-json\/wp\/v2\/pages"}],"about":[{"href":"https:\/\/innovationsland.de\/marathon\/wp-json\/wp\/v2\/types\/page"}],"author":[{"embeddable":true,"href":"https:\/\/innovationsland.de\/marathon\/wp-json\/wp\/v2\/users\/1"}],"replies":[{"embeddable":true,"href":"https:\/\/innovationsland.de\/marathon\/wp-json\/wp\/v2\/comments?post=1184"}],"version-history":[{"count":0,"href":"https:\/\/innovationsland.de\/marathon\/wp-json\/wp\/v2\/pages\/1184\/revisions"}],"up":[{"embeddable":true,"href":"https:\/\/innovationsland.de\/marathon\/wp-json\/wp\/v2\/pages\/1875"}],"wp:attachment":[{"href":"https:\/\/innovationsland.de\/marathon\/wp-json\/wp\/v2\/media?parent=1184"}],"curies":[{"name":"wp","href":"https:\/\/api.w.org\/{rel}","templated":true}]}}