{"id":1186,"date":"2014-03-23T14:09:58","date_gmt":"2014-03-23T12:09:58","guid":{"rendered":"http:\/\/marathon.hauger-vs.de\/?page_id=1186"},"modified":"2025-11-02T16:38:22","modified_gmt":"2025-11-02T15:38:22","slug":"new-york-marathon-wmm","status":"publish","type":"page","link":"https:\/\/innovationsland.de\/marathon\/meine-unsere-marathons\/new-york-marathon-wmm\/","title":{"rendered":"New York-Marathon (WMM) (1x)"},"content":{"rendered":"\n<p>Der TCS New York City Marathon ist derzeit (2025) mit ca. 55.000 L\u00e4uferinnen und L\u00e4ufern mit Berlin einer der gr\u00f6\u00dften Marathons der Welt.<\/p>\n\n\n<div id=\"metaslider-id-5723\" style=\"width: 100%;\" class=\"ml-slider-3-107-0 metaslider metaslider-flex metaslider-5723 ml-slider has-dots-nav ms-theme-default\" role=\"region\" aria-label=\"NewYork-Marathon\" data-height=\"400\" data-width=\"700\">\n    <div id=\"metaslider_container_5723\">\n        <div id=\"metaslider_5723\">\n            <ul class='slides'>\n                <li style=\"display: block; width: 100%;\" class=\"slide-5724 ms-image \" aria-roledescription=\"slide\" data-date=\"2022-07-28 08:49:53\" data-filename=\"P1010011_klein-300x225-1-300x171.jpg\" data-slide-type=\"image\"><img loading=\"lazy\" decoding=\"async\" src=\"https:\/\/innovationsland.de\/marathon\/wp-content\/uploads\/sites\/18\/2023\/11\/P1010011_klein-300x225-1-300x171.jpg\" height=\"400\" width=\"700\" alt=\"\" class=\"slider-5723 slide-5724 msDefaultImage\" title=\"OLYMPUS DIGITAL CAMERA\" \/><div class=\"caption-wrap\"><div class=\"caption\">Flug, mit Sicht auf die Ostk\u00fcste der USA<\/div><\/div><\/li>\n                <li style=\"display: none; width: 100%;\" class=\"slide-6273 ms-image \" aria-roledescription=\"slide\" data-date=\"2023-11-03 18:36:24\" data-filename=\"IMG_2967-300x225-1-300x171.jpg\" data-slide-type=\"image\"><img loading=\"lazy\" decoding=\"async\" src=\"https:\/\/innovationsland.de\/marathon\/wp-content\/uploads\/sites\/18\/2023\/11\/IMG_2967-300x225-1-300x171.jpg\" height=\"400\" width=\"700\" alt=\"\" class=\"slider-5723 slide-6273 msDefaultImage\" title=\"IMG_2967-300x225-1\" \/><\/li>\n                <li style=\"display: none; width: 100%;\" class=\"slide-6270 ms-image \" aria-roledescription=\"slide\" data-date=\"2023-11-03 18:34:39\" data-filename=\"P1010007-700x400.jpg\" data-slide-type=\"image\"><img loading=\"lazy\" decoding=\"async\" src=\"https:\/\/innovationsland.de\/marathon\/wp-content\/uploads\/sites\/18\/2023\/11\/P1010007-700x400.jpg\" height=\"400\" width=\"700\" alt=\"\" class=\"slider-5723 slide-6270 msDefaultImage\" title=\"OLYMPUS DIGITAL CAMERA\" \/><\/li>\n                <li style=\"display: none; width: 100%;\" class=\"slide-5727 ms-image \" aria-roledescription=\"slide\" data-date=\"2022-07-28 08:49:54\" data-filename=\"P1010016_klein-300x225-1-300x171.jpg\" data-slide-type=\"image\"><img loading=\"lazy\" decoding=\"async\" src=\"https:\/\/innovationsland.de\/marathon\/wp-content\/uploads\/sites\/18\/2023\/11\/P1010016_klein-300x225-1-300x171.jpg\" height=\"400\" width=\"700\" alt=\"\" class=\"slider-5723 slide-5727 msDefaultImage\" title=\"OLYMPUS DIGITAL CAMERA\" \/><div class=\"caption-wrap\"><div class=\"caption\">Empire state building<\/div><\/div><\/li>\n                <li style=\"display: none; width: 100%;\" class=\"slide-6269 ms-image \" aria-roledescription=\"slide\" data-date=\"2023-11-03 18:33:10\" data-filename=\"P1010031-700x400.jpg\" data-slide-type=\"image\"><img loading=\"lazy\" decoding=\"async\" src=\"https:\/\/innovationsland.de\/marathon\/wp-content\/uploads\/sites\/18\/2023\/11\/P1010031-700x400.jpg\" height=\"400\" width=\"700\" alt=\"\" class=\"slider-5723 slide-6269 msDefaultImage\" title=\"OLYMPUS DIGITAL CAMERA\" \/><\/li>\n                <li style=\"display: none; width: 100%;\" class=\"slide-6271 ms-image \" aria-roledescription=\"slide\" data-date=\"2023-11-03 18:35:10\" data-filename=\"P1010079-700x400.jpg\" data-slide-type=\"image\"><img loading=\"lazy\" decoding=\"async\" src=\"https:\/\/innovationsland.de\/marathon\/wp-content\/uploads\/sites\/18\/2023\/11\/P1010079-700x400.jpg\" height=\"400\" width=\"700\" alt=\"\" class=\"slider-5723 slide-6271 msDefaultImage\" title=\"OLYMPUS DIGITAL CAMERA\" \/><div class=\"caption-wrap\"><div class=\"caption\">Empire state building<\/div><\/div><\/li>\n                <li style=\"display: none; width: 100%;\" class=\"slide-6272 ms-image \" aria-roledescription=\"slide\" data-date=\"2023-11-03 18:35:20\" data-filename=\"P1010083_klein-300x225-1-300x171.jpg\" data-slide-type=\"image\"><img loading=\"lazy\" decoding=\"async\" src=\"https:\/\/innovationsland.de\/marathon\/wp-content\/uploads\/sites\/18\/2023\/11\/P1010083_klein-300x225-1-300x171.jpg\" height=\"400\" width=\"700\" alt=\"\" class=\"slider-5723 slide-6272 msDefaultImage\" title=\"OLYMPUS DIGITAL CAMERA\" \/><div class=\"caption-wrap\"><div class=\"caption\">Empire state building<\/div><\/div><\/li>\n                <li style=\"display: none; width: 100%;\" class=\"slide-6274 ms-image \" aria-roledescription=\"slide\" data-date=\"2023-11-03 18:40:21\" data-filename=\"IMG_1493-500x285.jpg\" data-slide-type=\"image\"><img loading=\"lazy\" decoding=\"async\" src=\"https:\/\/innovationsland.de\/marathon\/wp-content\/uploads\/sites\/18\/2023\/11\/IMG_1493-500x285.jpg\" height=\"400\" width=\"700\" alt=\"\" class=\"slider-5723 slide-6274 msDefaultImage\" title=\"IMG_1493\" \/><\/li>\n            <\/ul>\n        <\/div>\n        \n    <\/div>\n<\/div>\n\n\n\n<p>Das Rennen lockt wie Berlin viele Weltklasse-L\u00e4ufer. Das \u00dcberqueren der Ziellinie im Central Park ist f\u00fcr jeden Teilnehmer eines der gr\u00f6\u00dften Erlebnisse im Sportlerleben.<\/p>\n\n\n\n<p>Der TCS New York City Marathon geh\u00f6rt mit den Veranstaltungen in Berlin, Boston, Tokio, London und Sydney zu den World Marathon Majors.<\/p>\n\n\n\n<p><span style=\"text-decoration: underline;\">Informationen<\/span>: <a href=\"https:\/\/de.wikipedia.org\/wiki\/New-York-City-Marathon\" target=\"_blank\" rel=\"noopener noreferrer\">https:\/\/de.wikipedia.org\/wiki\/New-York-City-Marathon&nbsp; <\/a><span style=\"text-decoration: underline;\">Offizielle Webseite<\/span>:&nbsp; <a href=\"http:\/\/www.tcsnycmarathon.org\/\" target=\"_blank\" rel=\"noopener noreferrer\">http:\/\/www.tcsnycmarathon.org\/<\/a><\/p>\n\n\n\n<p>Marathon- Termine: Am ersten Wochenende im November<\/p>\n\n\n\n<p>Anmeldung: Startpl\u00e4tze sind schnell vergeben. F\u00fcr Ausl\u00e4nder gibt es nur bestimmte Kontingente.&nbsp; Gute M\u00f6glichkeiten bestehen \u00fcber spezielle Reiseveranstalter (wir reisten mit Ali Schneider)<\/p>\n\n\n\n<p><span style=\"text-decoration: underline;\">Fr\u00fchst\u00fcckslauf<\/span><\/p>\n\n\n\n<p>Samstag vor dem eigentlichen Marathon; Start am UNESCO- Geb\u00e4ude<\/p>\n\n\n\n<p><span style=\"text-decoration: underline;\">Der Marathon<\/span><\/p>\n\n\n\n<p>Auf der 42,195 km- Runde (26,2 Meilen) durch New York gibt es einiges zu sehen. Der Marathon ist eine einzigartige Sightseeing- Tour zu Fu\u00df in einer ganz besonderen Intensit\u00e4t.<\/p>\n\n\n\n<p>Im Gegensatz zu den meisten Marathons ist der New York Marathon kein Rundkurs. Der Marathon startet um 8 Uhr, f\u00fcr mich um 10:10 Uhr, im New Yorker Stadtteil Staten Island &#8211; Fort Wadsworth, einem fr\u00fcheren Milit\u00e4rst\u00fctzpunkt &#8211; und f\u00fchrt direkt auf die Verrazano- Narrows Bridge, lange Zeit die l\u00e4ngste H\u00e4ngebr\u00fccke der Welt, \u00fcber der New York bay.\u00a0 Der Kurs f\u00fchrt durch alle 5 Bezirke in New York City (Staten Island, Brooklyn, Queens, die Bronx, Manhattan). Er f\u00fchrt \u00fcber die 4th Avenue auf die 1135m lange, mit Anfahrtsrampen 2470,5m lange <a href=\"https:\/\/de.wikipedia.org\/wiki\/Queensboro_Bridge\">Queensboro Bridge <\/a> &#8211; Br\u00fccke \u00fcber den East Side River &#8211; und verbindet die Bezirke Qeens und Manhattan, die 1st Avenue und die 5th Avenue.\u00a0 Das Ziel liegt im Central Park des New Yorker City-Bezirks Manhattan.<\/p>\n\n\n\n<p><a href=\"https:\/\/prodsitecore.blob.core.windows.net\/nyrrsitecoreblob\/nyrr\/pdf\/race-course-maps\/2022\/september-to-december\/tcsnycm22_map_course_082322.pdf\" target=\"_blank\" rel=\"noopener\">Strecke<\/a><\/p>\n\n\n\n<p>Etwa 2 Millionen Zuschauer stehen teilweise in mehreren Reihen links und rechts der Strecke und schreien sich die Lunge aus dem Hals.<\/p>\n\n\n\n<p>Ca. 200 Bands spielen an der gesamten Strecke und feuern die L\u00e4uferinnen und L\u00e4ufer an.<\/p>\n\n\n\n<h3 class=\"wp-block-heading\">Rundreise<\/h3>\n\n\n\n<p><span style=\"font-family: Times New Roman, serif;\"><span style=\"font-size: medium;\"><\/span><\/span>Im bequemen Reisebus, einem tollen Busfahrer und einer tollen Reiseleitung fuhren wir \u00fcber Boston im Indian Summer nach Kanada, entlang des St. Lorenz- Stroms, von Quebec bis Toronto, waren an B\u00e4rbels 50. Geburtstag an den Niagaraf\u00e4llen, und genossen in Toronto den Ausblick auf dem Toronto Tower.<\/p>\n\n\n\n<hr class=\"wp-block-separator has-alpha-channel-opacity\"\/>\n","protected":false},"excerpt":{"rendered":"<p>Der TCS New York City Marathon ist derzeit (2025) mit ca. 55.000 L\u00e4uferinnen und L\u00e4ufern mit Berlin einer der gr\u00f6\u00dften Marathons der Welt. Das Rennen lockt wie Berlin viele Weltklasse-L\u00e4ufer. Das \u00dcberqueren der Ziellinie im Central Park ist f\u00fcr jeden Teilnehmer eines der gr\u00f6\u00dften Erlebnisse im Sportlerleben. Der TCS New York City Marathon geh\u00f6rt mit [&hellip;]<\/p>\n","protected":false},"author":1,"featured_media":0,"parent":1875,"menu_order":80,"comment_status":"closed","ping_status":"closed","template":"","meta":{"footnotes":""},"class_list":["post-1186","page","type-page","status-publish","hentry","post"],"_links":{"self":[{"href":"https:\/\/innovationsland.de\/marathon\/wp-json\/wp\/v2\/pages\/1186","targetHints":{"allow":["GET"]}}],"collection":[{"href":"https:\/\/innovationsland.de\/marathon\/wp-json\/wp\/v2\/pages"}],"about":[{"href":"https:\/\/innovationsland.de\/marathon\/wp-json\/wp\/v2\/types\/page"}],"author":[{"embeddable":true,"href":"https:\/\/innovationsland.de\/marathon\/wp-json\/wp\/v2\/users\/1"}],"replies":[{"embeddable":true,"href":"https:\/\/innovationsland.de\/marathon\/wp-json\/wp\/v2\/comments?post=1186"}],"version-history":[{"count":0,"href":"https:\/\/innovationsland.de\/marathon\/wp-json\/wp\/v2\/pages\/1186\/revisions"}],"up":[{"embeddable":true,"href":"https:\/\/innovationsland.de\/marathon\/wp-json\/wp\/v2\/pages\/1875"}],"wp:attachment":[{"href":"https:\/\/innovationsland.de\/marathon\/wp-json\/wp\/v2\/media?parent=1186"}],"curies":[{"name":"wp","href":"https:\/\/api.w.org\/{rel}","templated":true}]}}