{"id":1376,"date":"2014-10-17T17:00:10","date_gmt":"2014-10-17T15:00:10","guid":{"rendered":"http:\/\/marathon.innovationsland.de\/?page_id=1376"},"modified":"2023-11-03T20:21:33","modified_gmt":"2023-11-03T19:21:33","slug":"amsterdam-marathon","status":"publish","type":"page","link":"https:\/\/innovationsland.de\/marathon\/meine-unsere-marathons\/amsterdam-marathon\/","title":{"rendered":"Amsterdam- Marathon (1x)"},"content":{"rendered":"<p>&#8230; Der TCS Amsterdam- Marathon ist der gr\u00f6\u00dfte Marathon der Niederlande und einer der Gro\u00dfen der Welt mit derzeit bis zu 20.000 Teilnehmern (19. Oktober 2014).<\/p>\n<div id=\"metaslider-id-5713\" style=\"width: 100%;\" class=\"ml-slider-3-107-0 metaslider metaslider-flex metaslider-5713 ml-slider has-dots-nav ms-theme-default\" role=\"region\" aria-label=\"Amsterdam-Marathon\" data-height=\"400\" data-width=\"700\">\n    <div id=\"metaslider_container_5713\">\n        <div id=\"metaslider_5713\">\n            <ul class='slides'>\n                <li style=\"display: block; width: 100%;\" class=\"slide-5714 ms-image \" aria-roledescription=\"slide\" data-date=\"2022-07-28 08:49:51\" data-filename=\"DSC00026_1-scaled-1-700x400.jpg\" data-slide-type=\"image\"><img loading=\"lazy\" decoding=\"async\" src=\"https:\/\/innovationsland.de\/marathon\/wp-content\/uploads\/sites\/18\/2023\/11\/DSC00026_1-scaled-1-700x400.jpg\" height=\"400\" width=\"700\" alt=\"\" class=\"slider-5713 slide-5714 msDefaultImage\" title=\"DSC00026_1-scaled-1\" \/><\/li>\n                <li style=\"display: none; width: 100%;\" class=\"slide-5715 ms-image \" aria-roledescription=\"slide\" data-date=\"2022-07-28 08:49:52\" data-filename=\"IMG_1490-600x342.jpg\" data-slide-type=\"image\"><img loading=\"lazy\" decoding=\"async\" src=\"https:\/\/innovationsland.de\/marathon\/wp-content\/uploads\/sites\/18\/2023\/11\/IMG_1490-600x342.jpg\" height=\"400\" width=\"700\" alt=\"\" class=\"slider-5713 slide-5715 msDefaultImage\" title=\"IMG_1490\" \/><div class=\"caption-wrap\"><div class=\"caption\">2014<\/div><\/div><\/li>\n            <\/ul>\n        <\/div>\n        \n    <\/div>\n<\/div>\n<p>Neben dem Marathon wird auch ein Halbmarathon und ein 8 km- Lauf angeboten.<\/p>\n<p><span style=\"text-decoration: underline;\">Marathon- Expo (Messe):<\/span> Hier wird am Tag vor dem Lauf eine Pastaparty veranstaltet.<\/p>\n<p><span style=\"text-decoration: underline;\">Internet<\/span>:&nbsp;&nbsp; http:\/\/www.tcsamsterdammarathon.nl\/<\/p>\n<p><span style=\"text-decoration: underline;\">Die Strecke:<\/span><br \/>\n&#8230; Start und Ziel sind im Olympiastadion (eine unvergessliche Kulisse f\u00fcr alle L\u00e4ufer). Die Strecke durch die Innenstadt von Amsterdam hat viele H\u00f6hepunkte.&nbsp; Sie f\u00fchrt entlang an&nbsp; der Naturlandschaft des Flusses Amstel, dem Scheepvaartmuseum, an historischen Grachten, dem Rijksmuseum (die ber\u00fchmte Passage, die die Amsterdamer Innenstadt mit dem S\u00fcden von Amsterdam verbindet) und durch den stimmungsvollen Vondelpark (beliebter Naturpark).<\/p>\n<hr>\n","protected":false},"excerpt":{"rendered":"<p>&#8230; Der TCS Amsterdam- Marathon ist der gr\u00f6\u00dfte Marathon der Niederlande und einer der Gro\u00dfen der Welt mit derzeit bis zu 20.000 Teilnehmern (19. Oktober 2014). Neben dem Marathon wird auch ein Halbmarathon und ein 8 km- Lauf angeboten. Marathon- Expo (Messe): Hier wird am Tag vor dem Lauf eine Pastaparty veranstaltet. Internet:&nbsp;&nbsp; http:\/\/www.tcsamsterdammarathon.nl\/ Die [&hellip;]<\/p>\n","protected":false},"author":1,"featured_media":0,"parent":1875,"menu_order":95,"comment_status":"closed","ping_status":"closed","template":"","meta":{"footnotes":""},"class_list":["post-1376","page","type-page","status-publish","hentry","post"],"_links":{"self":[{"href":"https:\/\/innovationsland.de\/marathon\/wp-json\/wp\/v2\/pages\/1376","targetHints":{"allow":["GET"]}}],"collection":[{"href":"https:\/\/innovationsland.de\/marathon\/wp-json\/wp\/v2\/pages"}],"about":[{"href":"https:\/\/innovationsland.de\/marathon\/wp-json\/wp\/v2\/types\/page"}],"author":[{"embeddable":true,"href":"https:\/\/innovationsland.de\/marathon\/wp-json\/wp\/v2\/users\/1"}],"replies":[{"embeddable":true,"href":"https:\/\/innovationsland.de\/marathon\/wp-json\/wp\/v2\/comments?post=1376"}],"version-history":[{"count":0,"href":"https:\/\/innovationsland.de\/marathon\/wp-json\/wp\/v2\/pages\/1376\/revisions"}],"up":[{"embeddable":true,"href":"https:\/\/innovationsland.de\/marathon\/wp-json\/wp\/v2\/pages\/1875"}],"wp:attachment":[{"href":"https:\/\/innovationsland.de\/marathon\/wp-json\/wp\/v2\/media?parent=1376"}],"curies":[{"name":"wp","href":"https:\/\/api.w.org\/{rel}","templated":true}]}}