{"id":1486,"date":"2015-05-02T21:03:58","date_gmt":"2015-05-02T19:03:58","guid":{"rendered":"http:\/\/marathon.innovationsland.de\/?page_id=1486"},"modified":"2023-11-03T20:08:24","modified_gmt":"2023-11-03T19:08:24","slug":"hamburg-marathon","status":"publish","type":"page","link":"https:\/\/innovationsland.de\/marathon\/meine-unsere-marathons\/hamburg-marathon\/","title":{"rendered":"Hamburg-Marathon (1x)"},"content":{"rendered":"<p>Der Hamburg-Marathon ist das Highlight im Fr\u00fchjahr unter den deutschen Marathons und zugleich der zweitgr\u00f6\u00dfte deutsche Marathon.<\/p>\n<div id=\"metaslider-id-5773\" style=\"width: 100%;\" class=\"ml-slider-3-107-0 metaslider metaslider-flex metaslider-5773 ml-slider has-dots-nav ms-theme-default\" role=\"region\" aria-label=\"Hamburg-Marathon\" data-height=\"400\" data-width=\"700\">\n    <div id=\"metaslider_container_5773\">\n        <div id=\"metaslider_5773\">\n            <ul class='slides'>\n                <li style=\"display: block; width: 100%;\" class=\"slide-6296 ms-image \" aria-roledescription=\"slide\" data-date=\"2023-11-03 20:04:40\" data-filename=\"IMG_6989-640x365.jpg\" data-slide-type=\"image\"><img loading=\"lazy\" decoding=\"async\" src=\"https:\/\/innovationsland.de\/marathon\/wp-content\/uploads\/sites\/18\/2023\/11\/IMG_6989-640x365.jpg\" height=\"400\" width=\"700\" alt=\"\" class=\"slider-5773 slide-6296 msDefaultImage\" title=\"IMG_6989\" \/><\/li>\n                <li style=\"display: none; width: 100%;\" class=\"slide-6298 ms-image \" aria-roledescription=\"slide\" data-date=\"2023-11-03 20:05:42\" data-filename=\"IMG_7042-300x225-1-300x171.jpg\" data-slide-type=\"image\"><img loading=\"lazy\" decoding=\"async\" src=\"https:\/\/innovationsland.de\/marathon\/wp-content\/uploads\/sites\/18\/2023\/11\/IMG_7042-300x225-1-300x171.jpg\" height=\"400\" width=\"700\" alt=\"\" class=\"slider-5773 slide-6298 msDefaultImage\" title=\"IMG_7042-300x225-1\" \/><\/li>\n                <li style=\"display: none; width: 100%;\" class=\"slide-6299 ms-image \" aria-roledescription=\"slide\" data-date=\"2023-11-03 20:06:38\" data-filename=\"IMG_7344-640x365.jpg\" data-slide-type=\"image\"><img loading=\"lazy\" decoding=\"async\" src=\"https:\/\/innovationsland.de\/marathon\/wp-content\/uploads\/sites\/18\/2023\/11\/IMG_7344-640x365.jpg\" height=\"400\" width=\"700\" alt=\"\" class=\"slider-5773 slide-6299 msDefaultImage\" title=\"IMG_7344\" \/><\/li>\n                <li style=\"display: none; width: 100%;\" class=\"slide-6300 ms-image \" aria-roledescription=\"slide\" data-date=\"2023-11-03 20:07:02\" data-filename=\"IMG_7017-640x365.jpg\" data-slide-type=\"image\"><img loading=\"lazy\" decoding=\"async\" src=\"https:\/\/innovationsland.de\/marathon\/wp-content\/uploads\/sites\/18\/2023\/11\/IMG_7017-640x365.jpg\" height=\"400\" width=\"700\" alt=\"\" class=\"slider-5773 slide-6300 msDefaultImage\" title=\"IMG_7017\" \/><\/li>\n                <li style=\"display: none; width: 100%;\" class=\"slide-6295 ms-image \" aria-roledescription=\"slide\" data-date=\"2023-11-03 20:04:05\" data-filename=\"IMG_1489-600x342.jpg\" data-slide-type=\"image\"><img loading=\"lazy\" decoding=\"async\" src=\"https:\/\/innovationsland.de\/marathon\/wp-content\/uploads\/sites\/18\/2023\/11\/IMG_1489-600x342.jpg\" height=\"400\" width=\"700\" alt=\"\" class=\"slider-5773 slide-6295 msDefaultImage\" title=\"IMG_1489\" \/><\/li>\n            <\/ul>\n        <\/div>\n        \n    <\/div>\n<\/div>\n<p><span style=\"text-decoration: underline;\">Informationen<\/span>:&nbsp; <a href=\"https:\/\/de.wikipedia.org\/wiki\/Hamburg-Marathon\" target=\"_blank\" rel=\"noopener\">https:\/\/de.wikipedia.org\/wiki\/Hamburg-Marathon<\/a>&nbsp;&nbsp;&nbsp; <span style=\"text-decoration: underline;\">Offizielle Webseite<\/span>:&nbsp; <a href=\"http:\/\/www.haspa-marathon-hamburg.de\/\" target=\"_blank\" rel=\"noopener\">http:\/\/www.haspa-marathon-hamburg.de\/<\/a><\/p>\n<p>Der Start ist an der Messe Hamburg (mit Heinrich- Hertz- Fernsehturm). Von dort f\u00fchrt eine gro\u00dfe Runde durch die Hansestadt.<\/p>\n<p>Der Hamburg- Marathon ist bekannt f\u00fcr seine unglaublich sch\u00f6ne Strecke, vorbei an den wichtigsten Sehensw\u00fcrdigkeiten der Hansestadt. Aber vor allem auch f\u00fcr seine grandiose Stimmung auf und neben der Strecke.<\/p>\n<p>Die Strecke f\u00fchrt \u00fcber die Reeperbahn,&nbsp; die Elbchaussee an der Elbe entlang, die St. Pauli Hafenstra\u00dfe,&nbsp; den Jungfernstieg, an der Binnen-Alster, der Aussen -Alster (so gro\u00df wie Monaco) und an der Hafen City entlang sowie durch den alten Elbtunnel.<\/p>\n<p>An der Au\u00dfenalster befindet sich auch die Villa Kunterbunt in der z.B. Mario M\u00fcller Westernhagen und Udo Lindenberg ihre ersten Schritte unternahmen.<\/p>\n<p>Die Strecke f\u00fchrt auch vorbei am Hamburger Fischmarkt. Diesen gibt es schon seit 1739 jeden Sonntag ab 5 h.<\/p>\n<p>Mit der 9-Uhr- Tageskarte oder \u00e4hnlichen Tickets kann man nach dem Marathon die \u00f6ffentlichen Verkehrsmittel nutzen um z.B. die Landungsbr\u00fccken, den Michel (Kirche, Wahrzeichen)&nbsp;oder die&nbsp;M\u00f6nkebergstra\u00dfe (Einkaufsstra\u00dfe)&nbsp;zu erkunden.<\/p>\n<p>Hamburg hat eines der Gr\u00f6\u00dften Abwasser- Kanalsysteme in Europa (Stammsiel), gebaut 1904.<\/p>\n<p>Die Werft von Blohm &amp; Voss ist eine der Gr\u00f6\u00dften europ\u00e4ische Werften die auch die gr\u00f6\u00dften Kreuzfahrtschiffe wie z.B. die Qeen- Elizabeth parken, warten bzw. komplett \u00fcberholen kann.<\/p>\n<p>Empfehlenswert ist nat\u00fcrlich auch eine Stadtrundfahrt im Doppeldecker- Bus sowie eine Hafenrundfahrt.<\/p>\n<hr>\n","protected":false},"excerpt":{"rendered":"<p>Der Hamburg-Marathon ist das Highlight im Fr\u00fchjahr unter den deutschen Marathons und zugleich der zweitgr\u00f6\u00dfte deutsche Marathon. Informationen:&nbsp; https:\/\/de.wikipedia.org\/wiki\/Hamburg-Marathon&nbsp;&nbsp;&nbsp; Offizielle Webseite:&nbsp; http:\/\/www.haspa-marathon-hamburg.de\/ Der Start ist an der Messe Hamburg (mit Heinrich- Hertz- Fernsehturm). Von dort f\u00fchrt eine gro\u00dfe Runde durch die Hansestadt. Der Hamburg- Marathon ist bekannt f\u00fcr seine unglaublich sch\u00f6ne Strecke, vorbei an den [&hellip;]<\/p>\n","protected":false},"author":1,"featured_media":0,"parent":1875,"menu_order":90,"comment_status":"closed","ping_status":"closed","template":"","meta":{"footnotes":""},"class_list":["post-1486","page","type-page","status-publish","hentry","post"],"_links":{"self":[{"href":"https:\/\/innovationsland.de\/marathon\/wp-json\/wp\/v2\/pages\/1486","targetHints":{"allow":["GET"]}}],"collection":[{"href":"https:\/\/innovationsland.de\/marathon\/wp-json\/wp\/v2\/pages"}],"about":[{"href":"https:\/\/innovationsland.de\/marathon\/wp-json\/wp\/v2\/types\/page"}],"author":[{"embeddable":true,"href":"https:\/\/innovationsland.de\/marathon\/wp-json\/wp\/v2\/users\/1"}],"replies":[{"embeddable":true,"href":"https:\/\/innovationsland.de\/marathon\/wp-json\/wp\/v2\/comments?post=1486"}],"version-history":[{"count":0,"href":"https:\/\/innovationsland.de\/marathon\/wp-json\/wp\/v2\/pages\/1486\/revisions"}],"up":[{"embeddable":true,"href":"https:\/\/innovationsland.de\/marathon\/wp-json\/wp\/v2\/pages\/1875"}],"wp:attachment":[{"href":"https:\/\/innovationsland.de\/marathon\/wp-json\/wp\/v2\/media?parent=1486"}],"curies":[{"name":"wp","href":"https:\/\/api.w.org\/{rel}","templated":true}]}}