{"id":2497,"date":"2021-08-31T08:36:12","date_gmt":"2021-08-31T06:36:12","guid":{"rendered":"https:\/\/www.hauger-vs.de\/marathon\/?page_id=2497"},"modified":"2025-06-13T11:29:26","modified_gmt":"2025-06-13T09:29:26","slug":"willkommen","status":"publish","type":"page","link":"https:\/\/innovationsland.de\/marathon\/","title":{"rendered":"Willkommen"},"content":{"rendered":"\n<p>&#8230; Jeden Morgen erwacht eine Antilope in Afrika. Sie wei\u00df, dass sie schneller laufen muss als der schnellste L\u00f6we wenn sie \u00fcberleben will. Jeden Morgen erwacht auch ein L\u00f6we in Afrika. Er wei\u00df, dass auch er schneller laufen muss als die Antilope, sonst verhungert er.<\/p>\n\n\n\n<p>Zum Gl\u00fcck h\u00e4ngt unser \u00dcberleben nicht direkt mit dem Laufen zusammen. Es hilft uns aber fit und gesund zu bleiben.<\/p>\n\n\n\n<p>Die Anstrengung ist Teil des Wirkmechanismus von Reiz setzen, anspannen und entspannen. Man kann so Schritt f\u00fcr Schritt den Kopf frei bekommen. <\/p>\n\n\n\n<p>Marathon laufen geh\u00f6rt zum absoluten Lifestyle. Du bist drau\u00dfen, bei jedem Wetter, bei Regen, Sonne, K\u00e4lte, Schnee. Du kannst es auf der ganzen Welt tun, nebenbei tolle St\u00e4dte, Ecken und Orte der Welt sowie interessante Menschen kennenlernen. Laufkleidung sollte immer in deinem Gep\u00e4ck sein, egal ob du privat, gesch\u00e4ftlich oder im Urlaub unterwegs bist. Wer l\u00e4uft entwickelt ein gutes K\u00f6rpergef\u00fchl, lernt abzuschalten und in sich zu ruhen.<\/p>\n\n\n\n<p>Beim Laufen kannst du Abstand gewinnen, gelassener werden und u betreibst aktive Gesundheitsvorsorge.<\/p>\n\n\n\n<p>Ein Marathon ist noch mehr&#8230; Er stellt eine echte Herausforderung dar. Was z\u00e4hlt ist vor Allem die Euphorie.&nbsp; Ein Marathon ist ein stetiger Kampf zwischen K\u00f6rper und Geist. Aber wenn man ihn geschafft hat, wird er zu einem pers\u00f6nlichen Sieg.<\/p>\n\n\n\n<p>Fitness ist ein Lebensstil. K\u00f6rperliche Aktivit\u00e4t steigert die Aussch\u00fcttung von Endorphinen. Jedes Training ist eine kleine Herausforderung und ein kleiner Erfolg. Du kannst stolz auf dich sein! Es muss um mehr gehen als Aussehen oder Gewicht. Trainiere, weil du deinen K\u00f6rper liebst!<\/p>\n\n\n\n<p>&#8230; Egal ob du jeden Tag einen Marathon l\u00e4ufst oder dir nicht mehr sicher bist, wo deine Laufschuhe eigentlich sind, \u2026 ich freue mich von dir zu h\u00f6ren (<a href=\"https:\/\/www.hauger-vs.de\/marathon\/kontakt\/\" data-type=\"page\" data-id=\"1036\">Kontakt<\/a>).<\/p>\n","protected":false},"excerpt":{"rendered":"<p>&#8230; Jeden Morgen erwacht eine Antilope in Afrika. Sie wei\u00df, dass sie schneller laufen muss als der schnellste L\u00f6we wenn sie \u00fcberleben will. Jeden Morgen erwacht auch ein L\u00f6we in Afrika. Er wei\u00df, dass auch er schneller laufen muss als die Antilope, sonst verhungert er. Zum Gl\u00fcck h\u00e4ngt unser \u00dcberleben nicht direkt mit dem Laufen [&hellip;]<\/p>\n","protected":false},"author":1,"featured_media":0,"parent":0,"menu_order":0,"comment_status":"closed","ping_status":"closed","template":"","meta":{"footnotes":""},"class_list":["post-2497","page","type-page","status-publish","hentry","post"],"_links":{"self":[{"href":"https:\/\/innovationsland.de\/marathon\/wp-json\/wp\/v2\/pages\/2497","targetHints":{"allow":["GET"]}}],"collection":[{"href":"https:\/\/innovationsland.de\/marathon\/wp-json\/wp\/v2\/pages"}],"about":[{"href":"https:\/\/innovationsland.de\/marathon\/wp-json\/wp\/v2\/types\/page"}],"author":[{"embeddable":true,"href":"https:\/\/innovationsland.de\/marathon\/wp-json\/wp\/v2\/users\/1"}],"replies":[{"embeddable":true,"href":"https:\/\/innovationsland.de\/marathon\/wp-json\/wp\/v2\/comments?post=2497"}],"version-history":[{"count":0,"href":"https:\/\/innovationsland.de\/marathon\/wp-json\/wp\/v2\/pages\/2497\/revisions"}],"wp:attachment":[{"href":"https:\/\/innovationsland.de\/marathon\/wp-json\/wp\/v2\/media?parent=2497"}],"curies":[{"name":"wp","href":"https:\/\/api.w.org\/{rel}","templated":true}]}}