{"id":5719,"date":"2022-07-27T17:03:35","date_gmt":"2022-07-27T15:03:35","guid":{"rendered":"https:\/\/innovationsland.de\/marathon\/?page_id=5719"},"modified":"2025-06-13T14:35:19","modified_gmt":"2025-06-13T12:35:19","slug":"world-marathon-majors","status":"publish","type":"page","link":"https:\/\/innovationsland.de\/marathon\/world-marathon-majors\/","title":{"rendered":"World Marathon Majors"},"content":{"rendered":"\n<p>In der Welt des Laufsports gibt es nichts, was den menschlichen K\u00f6rper und Geist so sehr herausfordert wie ein Lauf \u00fcber die Marathonstrecke von 42,195 Kilometern.<\/p>\n\n\n\n<p>Die existierende <a href=\"https:\/\/www.worldmarathonmajors.com\/\">Abbott World Marathon Majors (WMM)- Serie<\/a> besteht aus den 7 renommiertesten Marathons der Welt: Berlin, Tokio (seit 2012), Boston, London, Chicago, New York und Sydney (seit 2024).<\/p>\n\n\n\n<p>Initiierung: Am 23. Januar 2006 von den Direktoren Guy Morse (<a href=\"https:\/\/de.wikipedia.org\/wiki\/Boston-Marathon\">Boston-Marathon<\/a>), <a href=\"https:\/\/de.wikipedia.org\/wiki\/David_Bedford_(Leichtathlet)\">David Bedford<\/a> (<a href=\"https:\/\/de.wikipedia.org\/wiki\/London-Marathon\">London-Marathon<\/a>), Mark Milde (<a href=\"https:\/\/de.wikipedia.org\/wiki\/Berlin-Marathon\">Berlin-Marathon<\/a>), Carey Pinkowski (<a href=\"https:\/\/de.wikipedia.org\/wiki\/Chicago-Marathon\">Chicago-Marathon<\/a>) und Mary Wittenberg (<a href=\"https:\/\/de.wikipedia.org\/wiki\/New-York-City-Marathon\">New-York-City-Marathon<\/a>).<\/p>\n\n\n\n<p>Sponsor und Namensgeber sind die <a href=\"https:\/\/de.wikipedia.org\/wiki\/Abbott_Laboratories\">Abbott Laboratories<\/a>.<\/p>\n\n\n\n<p>Im Mittelpunkt der Bem\u00fchungen der WMM- Veranstalter steht die Integrit\u00e4t des Marathonlaufes.<\/p>\n\n\n\n<p>In den St\u00e4dten herrscht w\u00e4hrend der Marathon- Veranstaltung Ausnahmestimmung. Die L\u00e4ufer werden richtig gefeiert, sie werden oft von Passanten auf ihre Medaille um den Hals angesprochen und sogar Fotos werden mit ihnen gew\u00fcnscht und gemacht.<\/p>\n\n\n\n<p>Wenn alle sieben Marathons erfolgreich bew\u00e4ltigt wurden gibt es die begehrte  Seven-Star-Finisher-Medaille.<\/p>\n\n\n\n<p>Eine gute Qualifikationszeit ist die einzige M\u00f6glichkeit, problemlos einen der hei\u00df begehrten Pl\u00e4tze zu ergattern. <\/p>\n\n\n\n<p>Ein bestimmtes Kontingent an Startpl\u00e4tzen gibt es i.d.R. noch \u00fcber einige  Marathon-Reiseveranstalter.<\/p>\n\n\n\n<p>In intensiven, weltweiten, Trainingscamps, z.B. in Spanien, kann man sich auf die Marathons vorbereiten. Dort gilt dann \u201eZ. B. \u00fcber 2 Wochen nur laufen, essen, schlafen\u201c.<\/p>\n\n\n\n<p>Eine Zeit von drei Stunden gilt unter Marathon-L\u00e4ufern, als magische Grenze, die nur mit enormer Ausdauer, Disziplin und Geschwindigkeit geknackt werden kann.<\/p>\n\n\n\n<p>Die Jagd nach immer neuen Weltrekorden im Laufsport fasziniert Athleten und Fans gleicherma\u00dfen.<\/p>\n\n\n\n<p>1908 lag die Weltbestzeit noch bei 2:55:18 (in London von John Hayes, USA). Von 2003 bis 2022 wurden alle Weltbestzeiten in Berlin aufgestellt. Die aktuelle Weltbestzeit wurde 2023 in Chicago mit 2:00:35 von Kelvin Kiptum, KEN, aufgestellt.<\/p>\n\n\n\n<p>Als prestigetr\u00e4chtigster Ausdauerlauf der Welt gilt der Marathon in Boston, der Hauptstadt des US-Bundesstaates Massachusetts, auch weil es der \u00e4lteste ist. Der erste Lauf fand 1897 statt, nur ein Jahr nachdem sich bei den ersten Olympischen Spielen der Neuzeit der Marathon als Disziplin auf 42,2 Kilometer etabliert hat.<\/p>\n\n\n\n<p>Mein klarer Favorit ist der <a href=\"https:\/\/www.bmw-berlin-marathon.com\/\" target=\"_blank\" rel=\"noreferrer noopener\">BMW Berlin-Marathon<\/a> in dem ich <a href=\"https:\/\/www.bmw-berlin-marathon.com\/jubilee\/mitglieder\/\" target=\"_blank\" rel=\"noreferrer noopener\">SCC Jubilee-Club- Mitglied<\/a> bin. Der 50. Berlin-Marathon in 2024 galt als der weltgr\u00f6\u00dfte, the world&#8217;s biggest, Marathon.<\/p>\n\n\n\n<p><\/p>\n","protected":false},"excerpt":{"rendered":"<p>In der Welt des Laufsports gibt es nichts, was den menschlichen K\u00f6rper und Geist so sehr herausfordert wie ein Lauf \u00fcber die Marathonstrecke von 42,195 Kilometern. Die existierende Abbott World Marathon Majors (WMM)- Serie besteht aus den 7 renommiertesten Marathons der Welt: Berlin, Tokio (seit 2012), Boston, London, Chicago, New York und Sydney (seit 2024). [&hellip;]<\/p>\n","protected":false},"author":1,"featured_media":0,"parent":0,"menu_order":0,"comment_status":"closed","ping_status":"closed","template":"","meta":{"footnotes":""},"class_list":["post-5719","page","type-page","status-publish","hentry","post"],"_links":{"self":[{"href":"https:\/\/innovationsland.de\/marathon\/wp-json\/wp\/v2\/pages\/5719","targetHints":{"allow":["GET"]}}],"collection":[{"href":"https:\/\/innovationsland.de\/marathon\/wp-json\/wp\/v2\/pages"}],"about":[{"href":"https:\/\/innovationsland.de\/marathon\/wp-json\/wp\/v2\/types\/page"}],"author":[{"embeddable":true,"href":"https:\/\/innovationsland.de\/marathon\/wp-json\/wp\/v2\/users\/1"}],"replies":[{"embeddable":true,"href":"https:\/\/innovationsland.de\/marathon\/wp-json\/wp\/v2\/comments?post=5719"}],"version-history":[{"count":0,"href":"https:\/\/innovationsland.de\/marathon\/wp-json\/wp\/v2\/pages\/5719\/revisions"}],"wp:attachment":[{"href":"https:\/\/innovationsland.de\/marathon\/wp-json\/wp\/v2\/media?parent=5719"}],"curies":[{"name":"wp","href":"https:\/\/api.w.org\/{rel}","templated":true}]}}