{"id":5885,"date":"2023-07-27T08:18:41","date_gmt":"2023-07-27T06:18:41","guid":{"rendered":"https:\/\/innovationsland.de\/marathon\/?page_id=5885"},"modified":"2023-10-30T12:58:55","modified_gmt":"2023-10-30T11:58:55","slug":"liebe-was-du-tust","status":"publish","type":"page","link":"https:\/\/innovationsland.de\/marathon\/liebe-was-du-tust\/","title":{"rendered":"Liebe was du tust &#8230;"},"content":{"rendered":"\n<pre id=\"block-15fda5ec-4666-46aa-a937-e68887cce3e0\" class=\"wp-block-preformatted\">We love, what we do ...<\/pre>\n\n\n\n<p>Liebe, was du tust, dann kannst du immer tun, was du liebst.<\/p>\n\n\n\n<p>Wenn du das tust, was du liebst, kannst du sicher sein, es \u00e4u\u00dferst effektiv und erfolgreich zu tun.<\/p>\n\n\n\n<p>Lass alles, was du tust, zu einer super sch\u00f6nen Gesamterfahrung werden.<\/p>\n\n\n\n<p>Erinnere dich immer wieder an die Freude, die gro\u00dfartigen, einzigartigen Momente.<\/p>\n\n\n\n<p>Denke an dein WARUM, den Grund, warum du genau das tust, was du tust.<\/p>\n\n\n\n<p>Genie\u00dfe die Erfahrungen aus dem, was du tus<strong>t<\/strong>, sie k\u00f6nnen f\u00fcr dein Leben so hilfreich sein!<\/p>\n\n\n\n<p>Entz\u00fcnde die Freude in dir, liebe, was du tust und mache es gro\u00dfartig und einzigartig!<\/p>\n","protected":false},"excerpt":{"rendered":"<p>We love, what we do &#8230; Liebe, was du tust, dann kannst du immer tun, was du liebst. Wenn du das tust, was du liebst, kannst du sicher sein, es \u00e4u\u00dferst effektiv und erfolgreich zu tun. Lass alles, was du tust, zu einer super sch\u00f6nen Gesamterfahrung werden. Erinnere dich immer wieder an die Freude, die [&hellip;]<\/p>\n","protected":false},"author":1,"featured_media":0,"parent":0,"menu_order":0,"comment_status":"closed","ping_status":"closed","template":"","meta":{"footnotes":""},"class_list":["post-5885","page","type-page","status-publish","hentry","post"],"_links":{"self":[{"href":"https:\/\/innovationsland.de\/marathon\/wp-json\/wp\/v2\/pages\/5885","targetHints":{"allow":["GET"]}}],"collection":[{"href":"https:\/\/innovationsland.de\/marathon\/wp-json\/wp\/v2\/pages"}],"about":[{"href":"https:\/\/innovationsland.de\/marathon\/wp-json\/wp\/v2\/types\/page"}],"author":[{"embeddable":true,"href":"https:\/\/innovationsland.de\/marathon\/wp-json\/wp\/v2\/users\/1"}],"replies":[{"embeddable":true,"href":"https:\/\/innovationsland.de\/marathon\/wp-json\/wp\/v2\/comments?post=5885"}],"version-history":[{"count":0,"href":"https:\/\/innovationsland.de\/marathon\/wp-json\/wp\/v2\/pages\/5885\/revisions"}],"wp:attachment":[{"href":"https:\/\/innovationsland.de\/marathon\/wp-json\/wp\/v2\/media?parent=5885"}],"curies":[{"name":"wp","href":"https:\/\/api.w.org\/{rel}","templated":true}]}}