{"id":169,"date":"2023-08-02T18:39:39","date_gmt":"2023-08-02T16:39:39","guid":{"rendered":"https:\/\/innovationsland.de\/partnerschaft\/?page_id=169"},"modified":"2026-02-04T17:44:58","modified_gmt":"2026-02-04T16:44:58","slug":"noch-kein-partner","status":"publish","type":"page","link":"https:\/\/innovationsland.de\/partnerschaft\/","title":{"rendered":"&#8230; noch kein Partner?"},"content":{"rendered":"\n<h1 class=\"wp-block-heading\">Sie m\u00f6chten mit innovationsland.de- Projektbuero zusammenarbeiten?<\/h1>\n\n\n\n<p>&#8230; Wir hei\u00dfen Partner:innen willkommen! Innovative K\u00f6pfe, Vordenker, Entwickler, Investoren, Hersteller, Fachh\u00e4ndler, Dienstleister!<\/p>\n\n\n\n<p>&#8230; SystemPartner, die ihr Wissen, ihren zeitlichen Aufwand und\/ oder Kapital zielgerichtet in die Wertsch\u00f6pfung einbringen,<\/p>\n\n\n\n<p>&#8230; Innovative K\u00f6pfe, die mit uns tragf\u00e4hige Konzepte entwickeln, ausarbeiten und zur Marktreife f\u00fchren,<\/p>\n\n\n\n<p>&#8230; Vordenker und Mitdenker, die mit uns Visionen entwickeln und zeigen wohin die Reise gehen kann,<\/p>\n\n\n\n<p>&#8230; Eigent\u00fcmer von Schutzrechten, die mit uns zusammen die Umsetzung ihrer Idee(n) gestalten m\u00f6chten,<\/p>\n\n\n\n<p>&#8230; Entwickler die recherchieren, experimentieren und analysieren ganz nach dem Motto: \u201eLasst uns das mal ausprobieren\u201c (<a href=\"https:\/\/www.wagner-group.com\/de\/unser-unternehmen\/75-jahre\/detail\/061-firmengruender-josef-wagner\/\" target=\"_blank\" rel=\"noreferrer noopener\">E.W.<\/a>).<\/p>\n\n\n\n<p>&#8230; Entwickler, die aus tragf\u00e4higen Konzepten Ma\u00dfnahmen ableiten, Arbeit strukturieren,  Projekte initiieren und Projekte steuern,<\/p>\n\n\n\n<p>&#8230; Hersteller, die marktf\u00e4hige Konzepte durch effektive und hochwertige Prozesse in Produkte umwandeln,<\/p>\n\n\n\n<p>&#8230; Fachh\u00e4ndler, die Produkte am Markt platzieren und etablieren, Kunden beraten und effektiv betreuen.<\/p>\n\n\n\n<p>&#8230; Fachh\u00e4ndler, die Kunden nach dem Kauf eines Produktes jeden&nbsp;notwendigen Service anbieten,<\/p>\n\n\n\n<p>&#8230; Unternehmen, die eine Produktion und den Verkauf mit uns von Deutschland aus in Europa platzieren und etablieren.<\/p>\n\n\n\n<p>&#8230; Experten die mit uns komplexe Dienste im pers\u00f6nlichen, h\u00e4uslichen oder produktiven Umfeld aufbauen,<\/p>\n\n\n\n<p>&#8230; mutige Investoren die Risikokapital investieren und idealerweise Produkt- und\/ oder Markt- Erfahrung mitbringen.<\/p>\n\n\n\n<p>&#8230; System- und Projektpartner die den Produkt-, Dienste- oder Unternehmens- Entstehungsprozess von der ersten Idee bis zur Marktreife und dar\u00fcber hinaus begleiten.<\/p>\n\n\n\n<p>\u2026 In Abstimmung mit anderen Projektpartnern, Teilhabern\/ Stakeholdern stellen Sie die Einhaltung der spezifizierten Qualit\u00e4ts-, Kosten- und Termin- Ziele sicher.<\/p>\n\n\n\n<p>&#8230; Die Grundlagen der Zusammenarbeit werden in jeweiligen Partner- und ggf.  Projektvereinbarungen festgehalten nachdem diese gegenseitig abgestimmt wurden.<\/p>\n\n\n\n<p>&#8230; Als ProjektPartner erhalten Sie die Gestaltungsm\u00f6glichkeiten die Sie f\u00fcr die Bew\u00e4ltigung der Aufgaben ben\u00f6tigen.<\/p>\n\n\n\n<p>&#8230; Eine Partnerschaft ist durchaus auch in Teilzeit oder als Standbein neben einem schon bestehenden Gesch\u00e4ft m\u00f6glich.<\/p>\n\n\n\n<p>&#8230; Sie&nbsp;sollten bereit und motiviert sein, ein Projekt \u00fcber etliche Jahre hinweg zu&nbsp;begleiten, d.h. mindestens solange bis eine Markteinf\u00fchrung gelungen ist.<\/p>\n\n\n\n<p>Auch danach sollten Sie weiter an Bord bleiben um das Produkt oder den Dienst zu etablieren und die Marktf\u00fchrerschaft anzustreben!<\/p>\n\n\n\n<p>Ich m\u00f6chte Sie in unseren Bann ziehen, Ihre Leidenschaft wecken! Steigen Sie ein! Hier &amp; jetzt!<\/p>\n\n\n\n<p>Neugierig geworden? Die <a href=\"https:\/\/innovationsland.de\/partnerschaft\/jetzt-anmelden\/\" data-type=\"page\" data-id=\"5365\" target=\"_blank\" rel=\"noreferrer noopener\">Anmeldung<\/a> ist einfach und lohnt sich! Z\u00f6gern Sie nicht mich bei aufkommenden Fragen zu <a href=\"https:\/\/innovationsland.de\/partnerschaft\/kontaktform\/\" data-type=\"page\" data-id=\"5357\">kontaktieren<\/a>. Nutzen Sie dabei gerne die M\u00f6glichkeit der <a href=\"https:\/\/innovationsland.de\/partnerschaft\/termin-buchen\/\" data-type=\"page\" data-id=\"5304\" target=\"_blank\" rel=\"noreferrer noopener\">Terminbuchung<\/a>.<\/p>\n\n\n\n<p>Erfahren Sie telefonisch &amp; per Videokonferenz, wer wir sind, wie wir ticken, worum es uns geht, worauf es uns ankommt und wie das innovationsland.de- Partnerschafts- Programm (iPP) funktioniert.<\/p>\n\n\n\n<p>Seien Sie dabei! Krempeln Sie die \u00c4rmel hoch und machen Sie sich mit uns ans Werk!<\/p>\n\n\n\n<p>\u2026 Verlieren Sie keine Zeit! Nutzen Sie Ihr Wissen, Ihre Erfahrung, \u2026 Ihr Potential!<\/p>\n","protected":false},"excerpt":{"rendered":"<p>Sie m\u00f6chten mit innovationsland.de- Projektbuero zusammenarbeiten? &#8230; Wir hei\u00dfen Partner:innen willkommen! Innovative K\u00f6pfe, Vordenker, Entwickler, Investoren, Hersteller, Fachh\u00e4ndler, Dienstleister! &#8230; SystemPartner, die ihr Wissen, ihren zeitlichen Aufwand und\/ oder Kapital zielgerichtet in die Wertsch\u00f6pfung einbringen, &#8230; Innovative K\u00f6pfe, die mit uns tragf\u00e4hige Konzepte entwickeln, ausarbeiten und zur Marktreife f\u00fchren, &#8230; Vordenker und Mitdenker, die mit [&hellip;]<\/p>\n","protected":false},"author":1,"featured_media":0,"parent":0,"menu_order":0,"comment_status":"closed","ping_status":"closed","template":"","meta":{"footnotes":""},"class_list":["post-169","page","type-page","status-publish","hentry","post"],"_links":{"self":[{"href":"https:\/\/innovationsland.de\/partnerschaft\/wp-json\/wp\/v2\/pages\/169","targetHints":{"allow":["GET"]}}],"collection":[{"href":"https:\/\/innovationsland.de\/partnerschaft\/wp-json\/wp\/v2\/pages"}],"about":[{"href":"https:\/\/innovationsland.de\/partnerschaft\/wp-json\/wp\/v2\/types\/page"}],"author":[{"embeddable":true,"href":"https:\/\/innovationsland.de\/partnerschaft\/wp-json\/wp\/v2\/users\/1"}],"replies":[{"embeddable":true,"href":"https:\/\/innovationsland.de\/partnerschaft\/wp-json\/wp\/v2\/comments?post=169"}],"version-history":[{"count":0,"href":"https:\/\/innovationsland.de\/partnerschaft\/wp-json\/wp\/v2\/pages\/169\/revisions"}],"wp:attachment":[{"href":"https:\/\/innovationsland.de\/partnerschaft\/wp-json\/wp\/v2\/media?parent=169"}],"curies":[{"name":"wp","href":"https:\/\/api.w.org\/{rel}","templated":true}]}}