{"id":5365,"date":"2024-04-13T14:31:18","date_gmt":"2024-04-13T12:31:18","guid":{"rendered":"https:\/\/innovationsland.de\/partnerschaft\/?page_id=5365"},"modified":"2026-01-14T13:30:29","modified_gmt":"2026-01-14T12:30:29","slug":"jetzt-partner-werden","status":"publish","type":"page","link":"https:\/\/innovationsland.de\/partnerschaft\/jetzt-partner-werden\/","title":{"rendered":">> Jetzt Partner werden\u00a0>>"},"content":{"rendered":"\n<p>&nbsp;&nbsp; Haben Sie einen Blick f\u00fcr das Wesentliche, das Machbare, das Tragf\u00e4hige? Schlummert in Ihnen eine Gr\u00fcnder-\/ StartUp- Mentalit\u00e4t?<\/p>\n\n\n\n<p>&nbsp;&nbsp; M\u00f6chten Sie Zeit und\/ oder Kapital in Projekte unseres Portfolios oder in die Erweiterung unseres Portfolios investieren?<\/p>\n\n\n\n<p>&nbsp;&nbsp; Sind Sie interessiert an einer partnerschaftlichen, zielgerichteten und vertrauensvollen Zusammenarbeit?<\/p>\n\n\n\n<p>&nbsp;&nbsp; Dann sollten wir uns kennenlernen! Z\u00f6gern Sie nicht, mich bei aufkommenden Fragen zu <a href=\"https:\/\/innovationsland.de\/partnerschaft\/kontaktformular\/\" target=\"_blank\" rel=\"noreferrer noopener\">kontaktieren<\/a>.<\/p>\n\n\n\n<p>&nbsp;&nbsp; Der Beitrag f\u00fcr Einzelpersonen ist 22,50 \u20ac\/ Monat, f\u00fcr Institutionen, Unternehmen oder Agenturen auf Anfrage.<\/p>\n\n\n\n<p>\u00a0\u00a0 Profitieren Sie von den Fr\u00fcbucherpreisen. Enjoy the early bird rates.<\/p>\n\n\n\n<p>&nbsp;&nbsp; Eine K\u00fcndigung ist monatlich m\u00f6glich wobei projektbezogene Vereinbarungen ggf. eine h\u00f6here Priorit\u00e4t haben.<\/p>\n\n\n\n<p>Partnerschaftsantrag\/ Partnership application<\/p>\n\n\n\n<div class=\"wpcf7 no-js\" id=\"wpcf7-f5368-o1\" lang=\"de-DE\" dir=\"ltr\" data-wpcf7-id=\"5368\">\n<div class=\"screen-reader-response\"><p role=\"status\" aria-live=\"polite\" aria-atomic=\"true\"><\/p> <ul><\/ul><\/div>\n<form action=\"\/partnerschaft\/wp-json\/wp\/v2\/pages\/5365#wpcf7-f5368-o1\" method=\"post\" class=\"wpcf7-form init\" aria-label=\"Kontaktformular\" novalidate=\"novalidate\" data-status=\"init\">\n<fieldset class=\"hidden-fields-container\"><input type=\"hidden\" name=\"_wpcf7\" value=\"5368\" \/><input type=\"hidden\" name=\"_wpcf7_version\" value=\"6.1.5\" \/><input type=\"hidden\" name=\"_wpcf7_locale\" value=\"de_DE\" \/><input type=\"hidden\" name=\"_wpcf7_unit_tag\" value=\"wpcf7-f5368-o1\" \/><input type=\"hidden\" name=\"_wpcf7_container_post\" value=\"0\" \/><input type=\"hidden\" name=\"_wpcf7_posted_data_hash\" value=\"\" \/><input type=\"hidden\" name=\"_wpcf7dtx_version\" value=\"5.0.5\" \/><input type=\"hidden\" name=\"_wpcf7_recaptcha_response\" value=\"\" \/>\n<\/fieldset>\n<p><span class=\"wpcf7-form-control-wrap\" data-name=\"Anrede\"><span class=\"wpcf7-form-control wpcf7-radio\"><span class=\"wpcf7-list-item first\"><input type=\"radio\" name=\"Anrede\" value=\"Frau\/ Mrs\" \/><span class=\"wpcf7-list-item-label\">Frau\/ Mrs<\/span><\/span><span class=\"wpcf7-list-item last\"><input type=\"radio\" name=\"Anrede\" value=\"Herr\/ Mr\" \/><span class=\"wpcf7-list-item-label\">Herr\/ Mr<\/span><\/span><\/span><\/span>\n<\/p>\n<p><span class=\"wpcf7-form-control-wrap\" data-name=\"Vorname\"><input size=\"40\" maxlength=\"400\" class=\"wpcf7-form-control wpcf7-text wpcf7-validates-as-required\" aria-required=\"true\" aria-invalid=\"false\" placeholder=\"Vorname\/ first name\" value=\"\" type=\"text\" name=\"Vorname\" \/><\/span>\n<\/p>\n<p><span class=\"wpcf7-form-control-wrap\" data-name=\"Nachname\"><input size=\"40\" maxlength=\"400\" class=\"wpcf7-form-control wpcf7-text wpcf7-validates-as-required\" aria-required=\"true\" aria-invalid=\"false\" placeholder=\"Nachname\/ last name\" value=\"\" type=\"text\" name=\"Nachname\" \/><\/span>\n<\/p>\n<p><span class=\"wpcf7-form-control-wrap\" data-name=\"Strasse\"><input size=\"40\" maxlength=\"400\" class=\"wpcf7-form-control wpcf7-text wpcf7-validates-as-required\" aria-required=\"true\" aria-invalid=\"false\" placeholder=\"Stra\u00dfe\/ street\" value=\"\" type=\"text\" name=\"Strasse\" \/><\/span>\n<\/p>\n<p><span class=\"wpcf7-form-control-wrap\" data-name=\"Nummer\"><input size=\"40\" maxlength=\"400\" class=\"wpcf7-form-control wpcf7-text wpcf7-validates-as-required\" aria-required=\"true\" aria-invalid=\"false\" placeholder=\"Nr.\/ No.\" value=\"\" type=\"text\" name=\"Nummer\" \/><\/span>\n<\/p>\n<p><span class=\"wpcf7-form-control-wrap\" data-name=\"PLZ\"><input size=\"40\" maxlength=\"400\" class=\"wpcf7-form-control wpcf7-text wpcf7-validates-as-required\" aria-required=\"true\" aria-invalid=\"false\" placeholder=\"PLZ\/ postcode\" value=\"\" type=\"text\" name=\"PLZ\" \/><\/span>\n<\/p>\n<p><span class=\"wpcf7-form-control-wrap\" data-name=\"Ort\"><input size=\"40\" maxlength=\"400\" class=\"wpcf7-form-control wpcf7-text wpcf7-validates-as-required\" aria-required=\"true\" aria-invalid=\"false\" placeholder=\"Ort\/ location\" value=\"\" type=\"text\" name=\"Ort\" \/><\/span>\n<\/p>\n<p><span class=\"wpcf7-form-control-wrap\" data-name=\"Land_Country\"><input size=\"40\" maxlength=\"400\" class=\"wpcf7-form-control wpcf7-text wpcf7-validates-as-required\" aria-required=\"true\" aria-invalid=\"false\" placeholder=\"Land\/ country\" value=\"\" type=\"text\" name=\"Land_Country\" \/><\/span>\n<\/p>\n<p><span class=\"wpcf7-form-control-wrap\" data-name=\"Kreditinstitut\"><input size=\"40\" maxlength=\"400\" class=\"wpcf7-form-control wpcf7-text wpcf7-validates-as-required\" aria-required=\"true\" aria-invalid=\"false\" placeholder=\"Kreditinstitut\/ credit institution\" value=\"\" type=\"text\" name=\"Kreditinstitut\" \/><\/span>\n<\/p>\n<p><span class=\"wpcf7-form-control-wrap\" data-name=\"IBAN\"><input size=\"40\" maxlength=\"400\" class=\"wpcf7-form-control wpcf7-text wpcf7-validates-as-required\" aria-required=\"true\" aria-invalid=\"false\" placeholder=\"IBAN\" value=\"\" type=\"text\" name=\"IBAN\" \/><\/span>\n<\/p>\n<p><span class=\"wpcf7-form-control-wrap\" data-name=\"BIC\"><input size=\"40\" maxlength=\"400\" class=\"wpcf7-form-control wpcf7-text\" aria-invalid=\"false\" placeholder=\"BIC\" value=\"\" type=\"text\" name=\"BIC\" \/><\/span>\n<\/p>\n<p><span class=\"wpcf7-form-control-wrap\" data-name=\"your-email\"><input size=\"40\" maxlength=\"400\" class=\"wpcf7-form-control wpcf7-email wpcf7-validates-as-required wpcf7-text wpcf7-validates-as-email\" aria-required=\"true\" aria-invalid=\"false\" placeholder=\"Ihre E-Mail-Adresse\/ your email address\" value=\"\" type=\"email\" name=\"your-email\" \/><\/span>\n<\/p>\n<p><span class=\"wpcf7-form-control-wrap\" data-name=\"your-message\"><textarea cols=\"40\" rows=\"4\" maxlength=\"2000\" class=\"wpcf7-form-control wpcf7-textarea\" aria-invalid=\"false\" placeholder=\"Ihre (optionale) Nachricht\/ your (optional) message.\" name=\"your-message\"><\/textarea><\/span>\n<\/p>\n<p><label> Ich erm\u00e4chtige das Innovationsland.de - Projektb\u00fcro Dipl.- Ing. (FH) Willi Hauger, die monatlich anfallenden Mitgliedsbeitr\u00e4ge von meinem Konto mittels Lastschrift einzuziehen. Zugleich weise ich mein Kreditinstitut an, die Lastschriften einzul\u00f6sen.<br \/>\nHinweis: Ich kann innerhalb von acht Wochen, beginnend mit dem Belastungsdatum, die Erstattung des belasteten Betrages verlangen. Es gelten dabei die mit meinem Kreditinstitut vereinbarten Bedingungen. Ich kann dieses SEPA-Lastschriftmandat jederzeit ohne Angabe von Gr\u00fcnden ganz oder teilweise widerrufen.<br \/>\nAuf der Best\u00e4tigungsseite erhalten Sie das Mandat als Download zur Verf\u00fcgung. Bitte drucken Sie dies aus und senden Sie uns das Exemplar unterschrieben zu.<\/label>\n<\/p>\n<p class=\"vereinbarung\"><br \/>\n<strong>Vereinbarung<\/strong><br \/>\n<span class=\"wpcf7-form-control-wrap\" data-name=\"zustimmung-vereinbarung\"><span class=\"wpcf7-form-control wpcf7-acceptance\"><span class=\"wpcf7-list-item\"><label><input type=\"checkbox\" name=\"zustimmung-vereinbarung\" value=\"1\" aria-invalid=\"false\" \/><span class=\"wpcf7-list-item-label\">Mit den allgemeinen Gesch\u00e4ftsbedingungen \"AGB\/ Terms and Conditions\", die auf diesen Webseiten im Fu\u00dfbereich zu finden sind, bin ich einverstanden.<\/span><\/label><\/span><\/span><\/span>\n<\/p>\n<p class=\"vertraulichkeit\"><br \/>\n<strong>Vertraulichkeit<\/strong><br \/>\n<span class=\"wpcf7-form-control-wrap\" data-name=\"zustimmung-vertraulichkeit\"><span class=\"wpcf7-form-control wpcf7-acceptance\"><span class=\"wpcf7-list-item\"><label><input type=\"checkbox\" name=\"zustimmung-vertraulichkeit\" value=\"1\" aria-invalid=\"false\" \/><span class=\"wpcf7-list-item-label\">Mit der Vertraulichkeits- bzw. Geheimhaltungsvereinbarung (GHV\/ NDA), die im Fu\u00dfbereich dieser Webseiten zu finden ist, erkl\u00e4re ich mich einverstanden.<\/span><\/label><\/span><\/span><\/span>\n<\/p>\n<p class=\"datenschutz\"><br \/>\n<strong>Datenschutz<\/strong><br \/>\n<span class=\"wpcf7-form-control-wrap\" data-name=\"zustimmung-datenschutz\"><span class=\"wpcf7-form-control wpcf7-acceptance\"><span class=\"wpcf7-list-item\"><label><input type=\"checkbox\" name=\"zustimmung-datenschutz\" value=\"1\" aria-invalid=\"false\" \/><span class=\"wpcf7-list-item-label\">Ich bin damit einverstanden, dass meine Angaben aus dem Kontaktformular bis zu 10 Jahre gespeichert werden. Auf Wunsch werden die Daten gel\u00f6scht. Die Einwilligung kann jederzeit per E-Mail an info@innovationsland.de widerrufen werden. Detaillierte Informationen zum Umgang mit Nutzerdaten finden Sie unter \"Datenschutz\" auf jeder unserer Webseiten.<\/span><\/label><\/span><\/span><\/span>\n<\/p>\n<p><input class=\"wpcf7-form-control wpcf7-submit has-spinner\" type=\"submit\" value=\"Partnerschaftsantrag absenden\/ send partnership application\" \/>\n<\/p><div class=\"wpcf7-response-output\" aria-hidden=\"true\"><\/div>\n<\/form>\n<\/div>\n\n","protected":false},"excerpt":{"rendered":"<p>&nbsp;&nbsp; Haben Sie einen Blick f\u00fcr das Wesentliche, das Machbare, das Tragf\u00e4hige? Schlummert in Ihnen eine Gr\u00fcnder-\/ StartUp- Mentalit\u00e4t? &nbsp;&nbsp; M\u00f6chten Sie Zeit und\/ oder Kapital in Projekte unseres Portfolios oder in die Erweiterung unseres Portfolios investieren? &nbsp;&nbsp; Sind Sie interessiert an einer partnerschaftlichen, zielgerichteten und vertrauensvollen Zusammenarbeit? &nbsp;&nbsp; Dann sollten wir uns kennenlernen! Z\u00f6gern [&hellip;]<\/p>\n","protected":false},"author":1,"featured_media":0,"parent":0,"menu_order":0,"comment_status":"closed","ping_status":"closed","template":"","meta":{"footnotes":""},"class_list":["post-5365","page","type-page","status-publish","hentry","post"],"_links":{"self":[{"href":"https:\/\/innovationsland.de\/partnerschaft\/wp-json\/wp\/v2\/pages\/5365","targetHints":{"allow":["GET"]}}],"collection":[{"href":"https:\/\/innovationsland.de\/partnerschaft\/wp-json\/wp\/v2\/pages"}],"about":[{"href":"https:\/\/innovationsland.de\/partnerschaft\/wp-json\/wp\/v2\/types\/page"}],"author":[{"embeddable":true,"href":"https:\/\/innovationsland.de\/partnerschaft\/wp-json\/wp\/v2\/users\/1"}],"replies":[{"embeddable":true,"href":"https:\/\/innovationsland.de\/partnerschaft\/wp-json\/wp\/v2\/comments?post=5365"}],"version-history":[{"count":0,"href":"https:\/\/innovationsland.de\/partnerschaft\/wp-json\/wp\/v2\/pages\/5365\/revisions"}],"wp:attachment":[{"href":"https:\/\/innovationsland.de\/partnerschaft\/wp-json\/wp\/v2\/media?parent=5365"}],"curies":[{"name":"wp","href":"https:\/\/api.w.org\/{rel}","templated":true}]}}